{"id":25139,"date":"2024-07-11T11:39:57","date_gmt":"2024-07-11T09:39:57","guid":{"rendered":"http:\/\/www.funidelia.es\/blog\/?page_id=25139"},"modified":"2024-07-11T11:39:57","modified_gmt":"2024-07-11T09:39:57","slug":"ideas-fiestas-halloween","status":"publish","type":"page","link":"http:\/\/www.funidelia.es\/blog\/ideas-fiestas-halloween\/","title":{"rendered":"Ideas decoraci\u00f3n Halloween para fiestas"},"content":{"rendered":"<div class=\"su-row box-category\">\n<div class=\"su-column su-column-size-1-2\"><div class=\"su-column-inner su-u-clearfix su-u-trim\">\n<section class=\"latest-post-selection box-category-column ver2\" id=\"lps-e3b6854740bba4fea4d63bf9b87396e3\" style=\"\" role=\"list\"><article class=\"post-24672 post type-post status-publish format-standard has-post-thumbnail hentry category-ideas-decoracion-fiesta-halloween has-link\" data-lps-id=\"24672\" role=\"listitem\"><div class=\"article__info\"><h3 class=\"article__title item-title-tag\"><a href=\"http:\/\/www.funidelia.es\/blog\/ideas-decoracion-halloween-original\/\" title=\"Ideas originales de decoraci\u00f3n para Halloween\" class=\"article__link main-link\">Ideas originales de decoraci\u00f3n para Halloween<\/a><\/h3><div class=\"article__text item-text\"><p>Ya inaugurado el blog con la temporada de Halloween, como buenos espa\u00f1oles lo pr\u00f3ximo que pensamos es&#8230;<\/p>\n<\/div><\/div><\/article><article class=\"post-17157 post type-post status-publish format-standard has-post-thumbnail hentry category-ideas-decoracion-fiesta-halloween has-link\" data-lps-id=\"17157\" role=\"listitem\"><div class=\"article__info\"><h3 class=\"article__title item-title-tag\"><a href=\"http:\/\/www.funidelia.es\/blog\/la-mejor-decoracion-fiesta-de-halloween\/\" title=\"La mejor decoraci\u00f3n Halloween: \u00a1el miedo llamar\u00e1 a tu puerta!\" class=\"article__link main-link\">La mejor decoraci\u00f3n Halloween: \u00a1el miedo llamar\u00e1 a tu puerta!<\/a><\/h3><div class=\"article__text item-text\"><p>Todo a punto para una noche de miedo: solo falta la decoraci\u00f3n de Halloween Ya tienes casi todo pensado&#8230;<\/p>\n<\/div><\/div><\/article><article class=\"post-698 post type-post status-publish format-standard has-post-thumbnail hentry category-ideas-decoracion-fiesta-halloween has-link\" data-lps-id=\"698\" role=\"listitem\"><div class=\"article__info\"><h3 class=\"article__title item-title-tag\"><a href=\"http:\/\/www.funidelia.es\/blog\/ideas-decoracion-fiestas-de-halloween\/\" title=\"Ideas de decoracion para una fiesta de Halloween terror\u00edficamente divertida\" class=\"article__link main-link\">Ideas de decoracion para una fiesta de Halloween terror\u00edficamente divertida<\/a><\/h3><div class=\"article__text item-text\"><p>Si quieres celebrar la noche m\u00e1s terror\u00edfica del a\u00f1o por todo lo alto aqu\u00ed lo tenemos todo para que&#8230;<\/p>\n<\/div><\/div><\/article><\/section>\n<\/div><\/div>\n<div class=\"su-column su-column-size-1-2 box-category-featured\"><div class=\"su-column-inner su-u-clearfix su-u-trim\">\n<section class=\"latest-post-selection content-center ver2\" id=\"lps-6e15dfdf218824dce1de07a55d0ea4be\" style=\"\" role=\"list\"><article class=\"post-24672 post type-post status-publish format-standard has-post-thumbnail hentry category-ideas-decoracion-fiesta-halloween has-link\" data-lps-id=\"24672\" role=\"listitem\"><figure class=\"article__image\"><img decoding=\"async\" src=\"http:\/\/www.funidelia.es\/blog\/wp-content\/uploads\/2014\/10\/halloween-origen-300x200.jpg\" class=\"lps-tile-main-image lps-custom-thumbnail\" loading=\"lazy\" alt=\"Ideas originales de decoraci\u00f3n para Halloween\" width=\"300\" height=\"200\"><\/figure><div class=\"article__info\"><h3 class=\"article__title item-title-tag\"><a href=\"http:\/\/www.funidelia.es\/blog\/ideas-decoracion-halloween-original\/\" title=\"Ideas originales de decoraci\u00f3n para Halloween\" class=\"article__link main-link\">Ideas originales de decoraci\u00f3n para Halloween<\/a><\/h3><\/div><\/article><\/section>\n<\/div><\/div>\n<\/div>\n<div class=\"su-row\">\n<div class=\"su-column su-column-size-1-2 box-publications\"><div class=\"su-column-inner su-u-clearfix su-u-trim\">\n<h2 class=\"grd\"><span class=\"grd-b\"><img loading=\"lazy\" decoding=\"async\" src=\"https:\/\/i0.wp.com\/static1.funidelia.com\/blog\/uploads\/css_theme\/ico_publications.png\" alt=\"The best\" width=\"41\" height=\"34\" \/>\u00daltimos art\u00edculos categor\u00eda<\/span><\/h2>\n<section class=\"latest-post-selection one-column h-image-info content-center ver2\" id=\"lps-d4b78658490d156e26a9ffe13739de0c\" style=\"\" role=\"list\"><article class=\"post-17157 post type-post status-publish format-standard has-post-thumbnail hentry category-ideas-decoracion-fiesta-halloween has-link\" data-lps-id=\"17157\" role=\"listitem\"><figure class=\"article__image\"><img decoding=\"async\" src=\"http:\/\/www.funidelia.es\/blog\/wp-content\/uploads\/2016\/09\/decoracion-halloween.jpg\" class=\"lps-tile-main-image lps-custom-post-thumbnail\" loading=\"lazy\" alt=\"La mejor decoraci\u00f3n Halloween: \u00a1el miedo llamar\u00e1 a tu puerta!\" width=\"300\" height=\"181\" srcset=\"http:\/\/www.funidelia.es\/blog\/wp-content\/uploads\/2016\/09\/decoracion-halloween.jpg 899w, http:\/\/www.funidelia.es\/blog\/wp-content\/uploads\/2016\/09\/decoracion-halloween-300x181.jpg 300w, http:\/\/www.funidelia.es\/blog\/wp-content\/uploads\/2016\/09\/decoracion-halloween-768x464.jpg 768w\"><\/figure><div class=\"article__info\"><h3 class=\"article__title item-title-tag\"><a href=\"http:\/\/www.funidelia.es\/blog\/la-mejor-decoracion-fiesta-de-halloween\/\" title=\"La mejor decoraci\u00f3n Halloween: \u00a1el miedo llamar\u00e1 a tu puerta!\" class=\"article__link main-link\">La mejor decoraci\u00f3n Halloween: \u00a1el miedo llamar\u00e1 a tu puerta!<\/a><\/h3><em class=\"article__date item-date\">29 septiembre, 2016 <i>13:46<\/i><\/em><\/div><\/article><article class=\"post-698 post type-post status-publish format-standard has-post-thumbnail hentry category-ideas-decoracion-fiesta-halloween has-link\" data-lps-id=\"698\" role=\"listitem\"><figure class=\"article__image\"><img decoding=\"async\" src=\"http:\/\/www.funidelia.es\/blog\/wp-content\/uploads\/2016\/09\/decoracion-fiesta-halloween.jpg\" class=\"lps-tile-main-image lps-custom-post-thumbnail\" loading=\"lazy\" alt=\"Ideas de decoracion para una fiesta de Halloween terror\u00edficamente divertida\" width=\"300\" height=\"181\" srcset=\"http:\/\/www.funidelia.es\/blog\/wp-content\/uploads\/2016\/09\/decoracion-fiesta-halloween.jpg 899w, http:\/\/www.funidelia.es\/blog\/wp-content\/uploads\/2016\/09\/decoracion-fiesta-halloween-300x181.jpg 300w, http:\/\/www.funidelia.es\/blog\/wp-content\/uploads\/2016\/09\/decoracion-fiesta-halloween-768x464.jpg 768w\"><\/figure><div class=\"article__info\"><h3 class=\"article__title item-title-tag\"><a href=\"http:\/\/www.funidelia.es\/blog\/ideas-decoracion-fiestas-de-halloween\/\" title=\"Ideas de decoracion para una fiesta de Halloween terror\u00edficamente divertida\" class=\"article__link main-link\">Ideas de decoracion para una fiesta de Halloween terror\u00edficamente divertida<\/a><\/h3><em class=\"article__date item-date\">22 septiembre, 2016 <i>6:45<\/i><\/em><\/div><\/article><\/section>\n<\/div><\/div>\n<div class=\"su-column su-column-size-1-2 category-top\"><div class=\"su-column-inner su-u-clearfix su-u-trim\">\n<div class=\"box-top\">\n<h2 class=\"grd\"><span class=\"grd-b\"><img loading=\"lazy\" decoding=\"async\" src=\"https:\/\/i0.wp.com\/static1.funidelia.com\/blog\/uploads\/css_theme\/ico_thebest.png\" alt=\"Flowers\" width=\"38\" height=\"38\" \/>Top Art\u00edculos Blog<\/span><\/h2>\n<section class=\"latest-post-selection list-div-ordered one-columns content-center ver2\" id=\"lps-3c22888badc2f6487ebf5afdaf6bfda6\" style=\"\" role=\"list\"><article class=\"post-24669 post type-post status-publish format-standard has-post-thumbnail hentry category-ideas-disfraces-halloween-mujer has-link\" data-lps-id=\"24669\" role=\"listitem\"><div class=\"article__info\"><h3 class=\"article__title item-title-tag\"><a href=\"http:\/\/www.funidelia.es\/blog\/ideas-originales-disfraces-halloween-mujer\/\" title=\"Ideas originales de disfraces de Halloween para mujer\" class=\"article__link main-link\">Ideas originales de disfraces de Halloween para mujer<\/a><\/h3><\/div><\/article><article class=\"post-24613 post type-post status-publish format-standard has-post-thumbnail hentry category-ideas-disfraces-caseros-originales has-link\" data-lps-id=\"24613\" role=\"listitem\"><div class=\"article__info\"><h3 class=\"article__title item-title-tag\"><a href=\"http:\/\/www.funidelia.es\/blog\/disfraces-caseros-faciles-de-hacer\/\" title=\"Disfraces caseros f\u00e1ciles de hacer\" class=\"article__link main-link\">Disfraces caseros f\u00e1ciles de hacer<\/a><\/h3><\/div><\/article><article class=\"post-24600 post type-post status-publish format-standard has-post-thumbnail hentry category-ideas-fiestas-decadas has-link\" data-lps-id=\"24600\" role=\"listitem\"><div class=\"article__info\"><h3 class=\"article__title item-title-tag\"><a href=\"http:\/\/www.funidelia.es\/blog\/ideas-disfraces-anos-80-para-una-fiesta-ochentera\/\" title=\"Ideas de disfraces A\u00f1os 80 para una fiesta ochentera\" class=\"article__link main-link\">Ideas de disfraces A\u00f1os 80 para una fiesta ochentera<\/a><\/h3><\/div><\/article><article class=\"post-24579 post type-post status-publish format-standard has-post-thumbnail hentry category-las-mejores-ideas-para-fiestas-tematicas has-link\" data-lps-id=\"24579\" role=\"listitem\"><div class=\"article__info\"><h3 class=\"article__title item-title-tag\"><a href=\"http:\/\/www.funidelia.es\/blog\/ideas-fiestas-tematicas\/\" title=\"Fiestas tem\u00e1ticas\" class=\"article__link main-link\">Fiestas tem\u00e1ticas<\/a><\/h3><\/div><\/article><article class=\"post-23779 post type-post status-publish format-standard has-post-thumbnail hentry category-ideas-disfraces-caseros-originales has-link\" data-lps-id=\"23779\" role=\"listitem\"><div class=\"article__info\"><h3 class=\"article__title item-title-tag\"><a href=\"http:\/\/www.funidelia.es\/blog\/como-hacer-disfraz-harry-potter-casero\/\" title=\"\u26a1\ufe0f C\u00f3mo hacer un disfraz de Harry Potter casero\" class=\"article__link main-link\">\u26a1\ufe0f C\u00f3mo hacer un disfraz de Harry Potter casero<\/a><\/h3><\/div><\/article><article class=\"post-21957 post type-post status-publish format-standard has-post-thumbnail hentry category-ideas-fiestas-cumpleanos has-link\" data-lps-id=\"21957\" role=\"listitem\"><div class=\"article__info\"><h3 class=\"article__title item-title-tag\"><a href=\"http:\/\/www.funidelia.es\/blog\/decoracion-fiesta-30-cumpleanos\/\" title=\"Ideas de decoraci\u00f3n fiesta 30 cumplea\u00f1os\" class=\"article__link main-link\">Ideas de decoraci\u00f3n fiesta 30 cumplea\u00f1os<\/a><\/h3><\/div><\/article><article class=\"post-21714 post type-post status-publish format-standard has-post-thumbnail hentry category-ideas-fiestas-cumpleanos has-link\" data-lps-id=\"21714\" role=\"listitem\"><div class=\"article__info\"><h3 class=\"article__title item-title-tag\"><a href=\"http:\/\/www.funidelia.es\/blog\/cumpleanos-lol-surprise\/\" title=\"\u00bfC\u00f3mo organizar la mejor fiesta de cumplea\u00f1os LOL Surprise?\" class=\"article__link main-link\">\u00bfC\u00f3mo organizar la mejor fiesta de cumplea\u00f1os LOL Surprise?<\/a><\/h3><\/div><\/article><article class=\"post-698 post type-post status-publish format-standard has-post-thumbnail hentry category-ideas-decoracion-fiesta-halloween has-link\" data-lps-id=\"698\" role=\"listitem\"><div class=\"article__info\"><h3 class=\"article__title item-title-tag\"><a href=\"http:\/\/www.funidelia.es\/blog\/ideas-decoracion-fiestas-de-halloween\/\" title=\"Ideas de decoracion para una fiesta de Halloween terror\u00edficamente divertida\" class=\"article__link main-link\">Ideas de decoracion para una fiesta de Halloween terror\u00edficamente divertida<\/a><\/h3><\/div><\/article><\/section>\n<\/div>\n<\/div><\/div>\n<\/div>\n<div class=\"sep-colour-tb\">&nbsp;<\/div>\n<h2 class=\"grd\"><span class=\"grd-c\">Art\u00edculos de la categor\u00eda: Ideas Decoraci\u00f3n de Fiesta Halloween<\/span><\/h2>\n<!-- lps\/start --><div id=\"lps-689e150e40fa26d4ea415ca7d9d07aa5-wrap\" class=\"lps-top-section-wrap\"><section class=\"latest-post-selection five-columns content-center page-funi ver2\" id=\"lps-689e150e40fa26d4ea415ca7d9d07aa5\" style=\"\" role=\"list\"><article class=\"post-24672 post type-post status-publish format-standard has-post-thumbnail hentry category-ideas-decoracion-fiesta-halloween has-link\" data-lps-id=\"24672\" role=\"listitem\"><figure class=\"article__image\"><img decoding=\"async\" src=\"http:\/\/www.funidelia.es\/blog\/wp-content\/uploads\/2014\/10\/halloween-origen.jpg\" class=\"lps-tile-main-image lps-custom-post-thumbnail\" loading=\"lazy\" alt=\"Ideas originales de decoraci\u00f3n para Halloween\" width=\"300\" height=\"210\" srcset=\"http:\/\/www.funidelia.es\/blog\/wp-content\/uploads\/2014\/10\/halloween-origen.jpg 960w, http:\/\/www.funidelia.es\/blog\/wp-content\/uploads\/2014\/10\/halloween-origen-300x210.jpg 300w, http:\/\/www.funidelia.es\/blog\/wp-content\/uploads\/2014\/10\/halloween-origen-768x538.jpg 768w\"><\/figure><div class=\"article__info\"><h3 class=\"article__title item-title-tag\"><a href=\"http:\/\/www.funidelia.es\/blog\/ideas-decoracion-halloween-original\/\" title=\"Ideas originales de decoraci\u00f3n para Halloween\" class=\"article__link main-link\">Ideas originales de decoraci\u00f3n para Halloween<\/a><\/h3><\/div><\/article><article class=\"post-17157 post type-post status-publish format-standard has-post-thumbnail hentry category-ideas-decoracion-fiesta-halloween has-link\" data-lps-id=\"17157\" role=\"listitem\"><figure class=\"article__image\"><img decoding=\"async\" src=\"http:\/\/www.funidelia.es\/blog\/wp-content\/uploads\/2016\/09\/decoracion-halloween.jpg\" class=\"lps-tile-main-image lps-custom-post-thumbnail\" loading=\"lazy\" alt=\"La mejor decoraci\u00f3n Halloween: \u00a1el miedo llamar\u00e1 a tu puerta!\" width=\"300\" height=\"181\" srcset=\"http:\/\/www.funidelia.es\/blog\/wp-content\/uploads\/2016\/09\/decoracion-halloween.jpg 899w, http:\/\/www.funidelia.es\/blog\/wp-content\/uploads\/2016\/09\/decoracion-halloween-300x181.jpg 300w, http:\/\/www.funidelia.es\/blog\/wp-content\/uploads\/2016\/09\/decoracion-halloween-768x464.jpg 768w\"><\/figure><div class=\"article__info\"><h3 class=\"article__title item-title-tag\"><a href=\"http:\/\/www.funidelia.es\/blog\/la-mejor-decoracion-fiesta-de-halloween\/\" title=\"La mejor decoraci\u00f3n Halloween: \u00a1el miedo llamar\u00e1 a tu puerta!\" class=\"article__link main-link\">La mejor decoraci\u00f3n Halloween: \u00a1el miedo llamar\u00e1 a tu puerta!<\/a><\/h3><\/div><\/article><\/section><\/div><!-- lps\/end -->\n<p><a class=\"responsive\" title=\"Tienda online Funidelia\" href=\"https:\/\/www.funidelia.es\/\" target=\"_blank\" rel=\"noopener\">\n<picture><source srcset=\"https:\/\/i0.wp.com\/static1.funidelia.com\/blog\/uploads\/css_theme\/funidelia_shop_es_xmobile.png?ver=01\" media=\"(max-width: 640px)\" \/><\/picture> <picture><source srcset=\"https:\/\/i0.wp.com\/static1.funidelia.com\/blog\/uploads\/css_theme\/funidelia_shop_es_desktop.png\" \/><\/picture> <picture><img loading=\"lazy\" decoding=\"async\" src=\"https:\/\/i0.wp.com\/static1.funidelia.com\/blog\/uploads\/css_theme\/funidelia_shop_es_desktop.png\" alt=\"Flowers\" width=\"1120\" height=\"129\" \/><\/picture> <\/a><\/p>\n<div class=\"box-links\">\n<h3><img loading=\"lazy\" decoding=\"async\" src=\"https:\/\/i0.wp.com\/static1.funidelia.com\/blog\/uploads\/css_theme\/ico_categories.png?ver=1\" alt=\"\" width=\"30\" height=\"30\" border=\"0\" \/> Categor\u00edas relacionadas:<\/h3>\n<div class=\"su-row\"><div class=\"su-column su-column-size-1-4\"><div class=\"su-column-inner su-u-clearfix su-u-trim\"><a class=\"link-box\" title=\"C1\" href=\"https:\/\/www.funidelia.es\/blog\/ideas-para-disfraces\/\"><img loading=\"lazy\" decoding=\"async\" src=\"https:\/\/i0.wp.com\/static1.funidelia.com\/blog\/uploads\/css_theme\/ico_deco_disfraz.png?ver=2\" alt=\"\" width=\"26\" height=\"24\" border=\"0\" \/> Disfraces<\/a><\/div><\/div><div class=\"su-column su-column-size-1-4\"><div class=\"su-column-inner su-u-clearfix su-u-trim\"><a class=\"link-box\" title=\"C1\" href=\"https:\/\/www.funidelia.es\/blog\/ideas-fiestas-tematicas\/\"><img loading=\"lazy\" decoding=\"async\" src=\"https:\/\/i0.wp.com\/static1.funidelia.com\/blog\/uploads\/css_theme\/ico_deco_decoracion.png?ver=2\" alt=\"\" width=\"26\" height=\"24\" border=\"0\" \/>Decoraci\u00f3n<\/a><\/div><\/div><div class=\"su-column su-column-size-1-4\"><div class=\"su-column-inner su-u-clearfix su-u-trim\"><a class=\"link-box\" title=\"C1\" href=\"https:\/\/www.funidelia.es\/blog\/ideas-para-maquillaje-halloween-original\/\"><img loading=\"lazy\" decoding=\"async\" src=\"https:\/\/i0.wp.com\/static1.funidelia.com\/blog\/uploads\/css_theme\/ico_deco_maquillaje.png?ver=2\" alt=\"\" width=\"26\" height=\"24\" border=\"0\" \/>Maquillaje<\/a><\/div><\/div><div class=\"su-column su-column-size-1-4\"><div class=\"su-column-inner su-u-clearfix su-u-trim\"><a class=\"link-box\" title=\"C1\" href=\"https:\/\/www.funidelia.es\/blog\/disfraces-caseros-faciles-de-hacer\/\"><img loading=\"lazy\" decoding=\"async\" src=\"https:\/\/i0.wp.com\/static1.funidelia.com\/blog\/uploads\/css_theme\/ico_deco_diy.png?ver=2\" alt=\"\" width=\"26\" height=\"24\" border=\"0\" \/>Caseros &amp; DIY<\/a><\/div><\/div><\/div>\n<\/div>\n","protected":false},"excerpt":{"rendered":"<p>&nbsp; Art\u00edculos de la categor\u00eda: Ideas Decoraci\u00f3n de Fiesta Halloween Categor\u00edas relacionadas:<\/p>\n","protected":false},"author":11,"featured_media":0,"parent":0,"menu_order":0,"comment_status":"closed","ping_status":"closed","template":"","meta":{"footnotes":""},"class_list":["post-25139","page","type-page","status-publish","hentry"],"yoast_head":"<!-- This site is optimized with the Yoast SEO plugin v26.7 - https:\/\/yoast.com\/wordpress\/plugins\/seo\/ -->\n<title>Ideas decoraci\u00f3n Halloween para fiestas<\/title>\n<meta name=\"description\" content=\"&nbsp; Art\u00edculos de la categor\u00eda: Ideas Decoraci\u00f3n de Fiesta Halloween         Categor\u00edas relacionadas:\" \/>\n<meta name=\"robots\" content=\"index, follow, max-snippet:-1, max-image-preview:large, max-video-preview:-1\" \/>\n<link rel=\"canonical\" href=\"https:\/\/www.funidelia.es\/blog\/ideas-fiestas-halloween\/\" \/>\n<meta property=\"og:locale\" content=\"es_ES\" \/>\n<meta property=\"og:type\" content=\"article\" \/>\n<meta property=\"og:title\" content=\"Ideas decoraci\u00f3n Halloween para fiestas\" \/>\n<meta property=\"og:description\" content=\"&nbsp; Art\u00edculos de la categor\u00eda: Ideas Decoraci\u00f3n de Fiesta Halloween         Categor\u00edas relacionadas:\" \/>\n<meta property=\"og:url\" content=\"https:\/\/www.funidelia.es\/blog\/ideas-fiestas-halloween\/\" \/>\n<meta property=\"og:site_name\" content=\"Ideas para disfrazarse - Blog de Funidelia\" \/>\n<meta property=\"article:publisher\" content=\"https:\/\/www.facebook.com\/funidelia\" \/>\n<meta property=\"og:image\" content=\"https:\/\/i0.wp.com\/static1.funidelia.com\/blog\/uploads\/css_theme\/ico_publications.png\" \/>\n<meta name=\"twitter:card\" content=\"summary_large_image\" \/>\n<meta name=\"twitter:site\" content=\"@funidelia\" \/>\n<meta name=\"twitter:label1\" content=\"Tiempo de lectura\" \/>\n\t<meta name=\"twitter:data1\" content=\"1 minuto\" \/>\n<script type=\"application\/ld+json\" class=\"yoast-schema-graph\">{\"@context\":\"https:\/\/schema.org\",\"@graph\":[{\"@type\":\"WebPage\",\"@id\":\"https:\/\/www.funidelia.es\/blog\/ideas-fiestas-halloween\/\",\"url\":\"https:\/\/www.funidelia.es\/blog\/ideas-fiestas-halloween\/\",\"name\":\"Ideas decoraci\u00f3n Halloween para fiestas\",\"isPartOf\":{\"@id\":\"https:\/\/www.funidelia.es\/blog\/#website\"},\"primaryImageOfPage\":{\"@id\":\"https:\/\/www.funidelia.es\/blog\/ideas-fiestas-halloween\/#primaryimage\"},\"image\":{\"@id\":\"https:\/\/www.funidelia.es\/blog\/ideas-fiestas-halloween\/#primaryimage\"},\"thumbnailUrl\":\"https:\/\/i0.wp.com\/static1.funidelia.com\/blog\/uploads\/css_theme\/ico_publications.png\",\"datePublished\":\"2024-07-11T09:39:57+00:00\",\"description\":\"&nbsp; Art\u00edculos de la categor\u00eda: Ideas Decoraci\u00f3n de Fiesta Halloween Categor\u00edas relacionadas:\",\"breadcrumb\":{\"@id\":\"https:\/\/www.funidelia.es\/blog\/ideas-fiestas-halloween\/#breadcrumb\"},\"inLanguage\":\"es\",\"potentialAction\":[{\"@type\":\"ReadAction\",\"target\":[\"https:\/\/www.funidelia.es\/blog\/ideas-fiestas-halloween\/\"]}]},{\"@type\":\"ImageObject\",\"inLanguage\":\"es\",\"@id\":\"https:\/\/www.funidelia.es\/blog\/ideas-fiestas-halloween\/#primaryimage\",\"url\":\"https:\/\/i0.wp.com\/static1.funidelia.com\/blog\/uploads\/css_theme\/ico_publications.png\",\"contentUrl\":\"https:\/\/i0.wp.com\/static1.funidelia.com\/blog\/uploads\/css_theme\/ico_publications.png\"},{\"@type\":\"BreadcrumbList\",\"@id\":\"https:\/\/www.funidelia.es\/blog\/ideas-fiestas-halloween\/#breadcrumb\",\"itemListElement\":[{\"@type\":\"ListItem\",\"position\":1,\"name\":\"Portada\",\"item\":\"http:\/\/www.funidelia.es\/blog\/\"},{\"@type\":\"ListItem\",\"position\":2,\"name\":\"Ideas decoraci\u00f3n Halloween para fiestas\"}]},{\"@type\":\"WebSite\",\"@id\":\"https:\/\/www.funidelia.es\/blog\/#website\",\"url\":\"https:\/\/www.funidelia.es\/blog\/\",\"name\":\"Ideas para disfrazarse - Blog de Funidelia\",\"description\":\"\",\"potentialAction\":[{\"@type\":\"SearchAction\",\"target\":{\"@type\":\"EntryPoint\",\"urlTemplate\":\"https:\/\/www.funidelia.es\/blog\/?s={search_term_string}\"},\"query-input\":{\"@type\":\"PropertyValueSpecification\",\"valueRequired\":true,\"valueName\":\"search_term_string\"}}],\"inLanguage\":\"es\"}]}<\/script>\n<!-- \/ Yoast SEO plugin. -->","yoast_head_json":{"title":"Ideas decoraci\u00f3n Halloween para fiestas","description":"&nbsp; Art\u00edculos de la categor\u00eda: Ideas Decoraci\u00f3n de Fiesta Halloween         Categor\u00edas relacionadas:","robots":{"index":"index","follow":"follow","max-snippet":"max-snippet:-1","max-image-preview":"max-image-preview:large","max-video-preview":"max-video-preview:-1"},"canonical":"https:\/\/www.funidelia.es\/blog\/ideas-fiestas-halloween\/","og_locale":"es_ES","og_type":"article","og_title":"Ideas decoraci\u00f3n Halloween para fiestas","og_description":"&nbsp; Art\u00edculos de la categor\u00eda: Ideas Decoraci\u00f3n de Fiesta Halloween         Categor\u00edas relacionadas:","og_url":"https:\/\/www.funidelia.es\/blog\/ideas-fiestas-halloween\/","og_site_name":"Ideas para disfrazarse - Blog de Funidelia","article_publisher":"https:\/\/www.facebook.com\/funidelia","og_image":[{"url":"https:\/\/i0.wp.com\/static1.funidelia.com\/blog\/uploads\/css_theme\/ico_publications.png","type":"","width":"","height":""}],"twitter_card":"summary_large_image","twitter_site":"@funidelia","twitter_misc":{"Tiempo de lectura":"1 minuto"},"schema":{"@context":"https:\/\/schema.org","@graph":[{"@type":"WebPage","@id":"https:\/\/www.funidelia.es\/blog\/ideas-fiestas-halloween\/","url":"https:\/\/www.funidelia.es\/blog\/ideas-fiestas-halloween\/","name":"Ideas decoraci\u00f3n Halloween para fiestas","isPartOf":{"@id":"https:\/\/www.funidelia.es\/blog\/#website"},"primaryImageOfPage":{"@id":"https:\/\/www.funidelia.es\/blog\/ideas-fiestas-halloween\/#primaryimage"},"image":{"@id":"https:\/\/www.funidelia.es\/blog\/ideas-fiestas-halloween\/#primaryimage"},"thumbnailUrl":"https:\/\/i0.wp.com\/static1.funidelia.com\/blog\/uploads\/css_theme\/ico_publications.png","datePublished":"2024-07-11T09:39:57+00:00","description":"&nbsp; Art\u00edculos de la categor\u00eda: Ideas Decoraci\u00f3n de Fiesta Halloween Categor\u00edas relacionadas:","breadcrumb":{"@id":"https:\/\/www.funidelia.es\/blog\/ideas-fiestas-halloween\/#breadcrumb"},"inLanguage":"es","potentialAction":[{"@type":"ReadAction","target":["https:\/\/www.funidelia.es\/blog\/ideas-fiestas-halloween\/"]}]},{"@type":"ImageObject","inLanguage":"es","@id":"https:\/\/www.funidelia.es\/blog\/ideas-fiestas-halloween\/#primaryimage","url":"https:\/\/i0.wp.com\/static1.funidelia.com\/blog\/uploads\/css_theme\/ico_publications.png","contentUrl":"https:\/\/i0.wp.com\/static1.funidelia.com\/blog\/uploads\/css_theme\/ico_publications.png"},{"@type":"BreadcrumbList","@id":"https:\/\/www.funidelia.es\/blog\/ideas-fiestas-halloween\/#breadcrumb","itemListElement":[{"@type":"ListItem","position":1,"name":"Portada","item":"http:\/\/www.funidelia.es\/blog\/"},{"@type":"ListItem","position":2,"name":"Ideas decoraci\u00f3n Halloween para fiestas"}]},{"@type":"WebSite","@id":"https:\/\/www.funidelia.es\/blog\/#website","url":"https:\/\/www.funidelia.es\/blog\/","name":"Ideas para disfrazarse - Blog de Funidelia","description":"","potentialAction":[{"@type":"SearchAction","target":{"@type":"EntryPoint","urlTemplate":"https:\/\/www.funidelia.es\/blog\/?s={search_term_string}"},"query-input":{"@type":"PropertyValueSpecification","valueRequired":true,"valueName":"search_term_string"}}],"inLanguage":"es"}]}},"_links":{"self":[{"href":"http:\/\/www.funidelia.es\/blog\/wp-json\/wp\/v2\/pages\/25139","targetHints":{"allow":["GET"]}}],"collection":[{"href":"http:\/\/www.funidelia.es\/blog\/wp-json\/wp\/v2\/pages"}],"about":[{"href":"http:\/\/www.funidelia.es\/blog\/wp-json\/wp\/v2\/types\/page"}],"author":[{"embeddable":true,"href":"http:\/\/www.funidelia.es\/blog\/wp-json\/wp\/v2\/users\/11"}],"replies":[{"embeddable":true,"href":"http:\/\/www.funidelia.es\/blog\/wp-json\/wp\/v2\/comments?post=25139"}],"version-history":[{"count":3,"href":"http:\/\/www.funidelia.es\/blog\/wp-json\/wp\/v2\/pages\/25139\/revisions"}],"predecessor-version":[{"id":25146,"href":"http:\/\/www.funidelia.es\/blog\/wp-json\/wp\/v2\/pages\/25139\/revisions\/25146"}],"wp:attachment":[{"href":"http:\/\/www.funidelia.es\/blog\/wp-json\/wp\/v2\/media?parent=25139"}],"curies":[{"name":"wp","href":"https:\/\/api.w.org\/{rel}","templated":true}]}}
